{"id":14,"date":"2026-04-09T11:27:53","date_gmt":"2026-04-09T11:27:53","guid":{"rendered":"https:\/\/www.medusaextensions.com\/?page_id=14"},"modified":"2026-04-09T12:35:54","modified_gmt":"2026-04-09T12:35:54","slug":"reembolso_devoluciones","status":"publish","type":"page","link":"https:\/\/www.medusaextensions.com\/en\/reembolso_devoluciones\/","title":{"rendered":"Pol\u00edtica de devoluciones y reembolsos"},"content":{"rendered":"<div data-elementor-type=\"wp-page\" data-elementor-id=\"14\" class=\"elementor elementor-14\" data-elementor-post-type=\"page\">\n\t\t\t\t<div class=\"elementor-element elementor-element-59f7267 e-flex e-con-boxed e-con e-parent\" data-id=\"59f7267\" data-element_type=\"container\" data-e-type=\"container\">\n\t\t\t\t\t<div class=\"e-con-inner\">\n\t\t\t\t<div class=\"elementor-element elementor-element-46c6934 elementor-widget elementor-widget-text-editor\" data-id=\"46c6934\" data-element_type=\"widget\" data-e-type=\"widget\" data-widget_type=\"text-editor.default\">\n\t\t\t\t\t\t\t\t\t<h3>Env\u00edos y devoluciones<\/h3><p><b><strong>POLITICA DE DEVOLUCIONES Y CAMBIOS<\/strong><\/b><\/p><p>Por razones de protecci\u00f3n de la salud e higiene, no se aceptar\u00e1n devoluciones.<\/p><p>Si has comprado un producto que no te gusta o no es de tu color puedes solicitar el cambio por otro del mismo importe o superior. En el caso de que quieras cambiar el producto, los gastos de env\u00edo correr\u00e1n por tu cuenta. Para los env\u00edos dentro de la pen\u00ednsula la mensajer\u00eda nos ofrece el servicio de env\u00edo con recogida cuyo coste es de 10\u20ac.<\/p><p>Para realizar el cambio, ponte en contacto con nosotros a trav\u00e9s del mail contacto@flequillospostizos.es o a trav\u00e9s del WhatsApp 618378575, indicando tus datos para localizar su pedido.<\/p><p>Condiciones de cambio<\/p><p>Para poder aprobar la gesti\u00f3n del cambio, esta deber\u00e1 cumplir las siguientes condiciones:<\/p><p>El producto estar\u00e1 en perfecto estado y se devolver\u00e1 en su embalaje original.<\/p><p>Los productos no habr\u00e1n sido utilizados ni manipulados.<\/p><p>Para productos con protector: si el protector se ha retirado, el producto no podr\u00e1 cambiarse por razones higi\u00e9nicas y sanitarias.<\/p><p>Esta pol\u00edtica se aplica conforme a lo establecido en la normativa vigente, en particular el art\u00edculo 103, apartado e) del Real Decreto Legislativo 1\/2007, de 16 de noviembre, por el que se aprueba el texto refundido de la Ley General para la Defensa de los Consumidores y Usuarios.<\/p><p>Para cualquier aclaraci\u00f3n recuerda que puedes contactar con nosotros en el correo\u00a0<a href=\"mailto:contacto@flequillospostizos.es\">contacto@flequillospostizos.es<\/a> o al WhatsApp 618378575<\/p><p>Estaremos encantados de atenderte.<\/p><p><b><strong>TIPO DE IMPUESTOS\u00a0<\/strong><\/b><\/p><p>El precio de los productos ofrecidos en www.medusaextensions.com incluyen el IVA espa\u00f1ol. Sin embargo, el precio final de tu pedido puede variar dependiendo del tipo impositivo de IVA que se aplique al pedido.<\/p><p>Compras fueras de la Uni\u00f3n Europea: Tal y como recoge la Ley 37\/1992, de 28 de diciembre, reguladora del Impuesto Sobre Valor A\u00f1adido (IVA) y la Directiva Europea 2008\/8\/CE, la operaci\u00f3n puede resultar exenta o no sujeta al mismo en funci\u00f3n del pa\u00eds de residencia del comprador y de la condici\u00f3n en la que act\u00faa el mismo (empresario\/profesional o particular).<\/p><p>Por lo tanto, las ventas efectuadas a un particular extranjero (no residente en la UE) ya sean por Internet o no, al tratarse de un bien, est\u00e1n exentas en funci\u00f3n del art\u00edculo 21 de la Ley de IVA 37\/1992. No obstante, el precio final aparecer\u00e1 durante la confirmaci\u00f3n de tu pedido y reflejar\u00e1 el tipo impositivo de IVA correspondiente al pa\u00eds de destino de los productos.<\/p><p>Compras dentro de la Uni\u00f3n Europa: Para los pedidos con destino a otros pa\u00edses de la Uni\u00f3n Europea, ser\u00e1 aplicado el IVA espa\u00f1ol.<\/p><p>Los precios de los Servicios pueden cambiar en cualquier momento a discreci\u00f3n \u00fanica y exclusiva de MEDUSA EXTENSIONS. Los Servicios no brindan protecci\u00f3n de precios o reembolsos en el caso de reducci\u00f3n de precios u ofertas promocionales.<\/p><p>El usuario\/comprador se compromete a abonar los productos adquiridos a www.medusaextensions.com en las formas de pago aceptadas y por cualquier cantidad complementaria (incluidos los impuestos y cargos por pagos atrasados, seg\u00fan el caso).<\/p>\t\t\t\t\t\t\t\t<\/div>\n\t\t\t\t\t<\/div>\n\t\t\t\t<\/div>\n\t\t\t\t<\/div>","protected":false},"excerpt":{"rendered":"<p>Env\u00edos y devoluciones POLITICA DE DEVOLUCIONES Y CAMBIOS Por razones de protecci\u00f3n de la salud e higiene, no se aceptar\u00e1n devoluciones. Si has comprado un producto que no te gusta o no es de tu color puedes solicitar el cambio por otro del mismo importe o superior. En el caso de que quieras cambiar el [&hellip;]<\/p>\n","protected":false},"author":1,"featured_media":0,"parent":0,"menu_order":0,"comment_status":"closed","ping_status":"closed","template":"","meta":{"footnotes":""},"class_list":["post-14","page","type-page","status-publish","hentry"],"yoast_head":"<!-- This site is optimized with the Yoast SEO plugin v27.5 - https:\/\/yoast.com\/product\/yoast-seo-wordpress\/ -->\n<title>Pol\u00edtica de devoluciones y reembolsos - Medusa Extensions<\/title>\n<meta name=\"robots\" content=\"index, follow, max-snippet:-1, max-image-preview:large, max-video-preview:-1\" \/>\n<link rel=\"canonical\" href=\"https:\/\/www.medusaextensions.com\/en\/reembolso_devoluciones\/\" \/>\n<meta property=\"og:locale\" content=\"en_US\" \/>\n<meta property=\"og:type\" content=\"article\" \/>\n<meta property=\"og:title\" content=\"Pol\u00edtica de devoluciones y reembolsos - Medusa Extensions\" \/>\n<meta property=\"og:description\" content=\"Env\u00edos y devoluciones POLITICA DE DEVOLUCIONES Y CAMBIOS Por razones de protecci\u00f3n de la salud e higiene, no se aceptar\u00e1n devoluciones. Si has comprado un producto que no te gusta o no es de tu color puedes solicitar el cambio por otro del mismo importe o superior. En el caso de que quieras cambiar el [&hellip;]\" \/>\n<meta property=\"og:url\" content=\"https:\/\/www.medusaextensions.com\/en\/reembolso_devoluciones\/\" \/>\n<meta property=\"og:site_name\" content=\"Medusa Extensions\" \/>\n<meta property=\"article:modified_time\" content=\"2026-04-09T12:35:54+00:00\" \/>\n<meta name=\"twitter:card\" content=\"summary_large_image\" \/>\n<meta name=\"twitter:label1\" content=\"Est. reading time\" \/>\n\t<meta name=\"twitter:data1\" content=\"3 minutes\" \/>\n<script type=\"application\/ld+json\" class=\"yoast-schema-graph\">{\"@context\":\"https:\\\/\\\/schema.org\",\"@graph\":[{\"@type\":\"WebPage\",\"@id\":\"https:\\\/\\\/www.medusaextensions.com\\\/reembolso_devoluciones\\\/\",\"url\":\"https:\\\/\\\/www.medusaextensions.com\\\/reembolso_devoluciones\\\/\",\"name\":\"Pol\u00edtica de devoluciones y reembolsos - Medusa Extensions\",\"isPartOf\":{\"@id\":\"https:\\\/\\\/www.medusaextensions.com\\\/#website\"},\"datePublished\":\"2026-04-09T11:27:53+00:00\",\"dateModified\":\"2026-04-09T12:35:54+00:00\",\"breadcrumb\":{\"@id\":\"https:\\\/\\\/www.medusaextensions.com\\\/reembolso_devoluciones\\\/#breadcrumb\"},\"inLanguage\":\"en-US\",\"potentialAction\":[{\"@type\":\"ReadAction\",\"target\":[\"https:\\\/\\\/www.medusaextensions.com\\\/reembolso_devoluciones\\\/\"]}]},{\"@type\":\"BreadcrumbList\",\"@id\":\"https:\\\/\\\/www.medusaextensions.com\\\/reembolso_devoluciones\\\/#breadcrumb\",\"itemListElement\":[{\"@type\":\"ListItem\",\"position\":1,\"name\":\"Portada\",\"item\":\"https:\\\/\\\/www.medusaextensions.com\\\/\"},{\"@type\":\"ListItem\",\"position\":2,\"name\":\"Pol\u00edtica de devoluciones y reembolsos\"}]},{\"@type\":\"WebSite\",\"@id\":\"https:\\\/\\\/www.medusaextensions.com\\\/#website\",\"url\":\"https:\\\/\\\/www.medusaextensions.com\\\/\",\"name\":\"Medusa Extensions\",\"description\":\"Posticer\u00eda de cabello natural\",\"publisher\":{\"@id\":\"https:\\\/\\\/www.medusaextensions.com\\\/#organization\"},\"potentialAction\":[{\"@type\":\"SearchAction\",\"target\":{\"@type\":\"EntryPoint\",\"urlTemplate\":\"https:\\\/\\\/www.medusaextensions.com\\\/?s={search_term_string}\"},\"query-input\":{\"@type\":\"PropertyValueSpecification\",\"valueRequired\":true,\"valueName\":\"search_term_string\"}}],\"inLanguage\":\"en-US\"},{\"@type\":\"Organization\",\"@id\":\"https:\\\/\\\/www.medusaextensions.com\\\/#organization\",\"name\":\"Medusa Extensions\",\"url\":\"https:\\\/\\\/www.medusaextensions.com\\\/\",\"logo\":{\"@type\":\"ImageObject\",\"inLanguage\":\"en-US\",\"@id\":\"https:\\\/\\\/www.medusaextensions.com\\\/#\\\/schema\\\/logo\\\/image\\\/\",\"url\":\"https:\\\/\\\/www.medusaextensions.com\\\/wp-content\\\/uploads\\\/2026\\\/04\\\/WEB-EN-CONSTRUCCION-1.png\",\"contentUrl\":\"https:\\\/\\\/www.medusaextensions.com\\\/wp-content\\\/uploads\\\/2026\\\/04\\\/WEB-EN-CONSTRUCCION-1.png\",\"width\":1366,\"height\":768,\"caption\":\"Medusa Extensions\"},\"image\":{\"@id\":\"https:\\\/\\\/www.medusaextensions.com\\\/#\\\/schema\\\/logo\\\/image\\\/\"}}]}<\/script>\n<!-- \/ Yoast SEO plugin. -->","yoast_head_json":{"title":"Pol\u00edtica de devoluciones y reembolsos - Medusa Extensions","robots":{"index":"index","follow":"follow","max-snippet":"max-snippet:-1","max-image-preview":"max-image-preview:large","max-video-preview":"max-video-preview:-1"},"canonical":"https:\/\/www.medusaextensions.com\/en\/reembolso_devoluciones\/","og_locale":"en_US","og_type":"article","og_title":"Pol\u00edtica de devoluciones y reembolsos - Medusa Extensions","og_description":"Env\u00edos y devoluciones POLITICA DE DEVOLUCIONES Y CAMBIOS Por razones de protecci\u00f3n de la salud e higiene, no se aceptar\u00e1n devoluciones. Si has comprado un producto que no te gusta o no es de tu color puedes solicitar el cambio por otro del mismo importe o superior. En el caso de que quieras cambiar el [&hellip;]","og_url":"https:\/\/www.medusaextensions.com\/en\/reembolso_devoluciones\/","og_site_name":"Medusa Extensions","article_modified_time":"2026-04-09T12:35:54+00:00","twitter_card":"summary_large_image","twitter_misc":{"Est. reading time":"3 minutes"},"schema":{"@context":"https:\/\/schema.org","@graph":[{"@type":"WebPage","@id":"https:\/\/www.medusaextensions.com\/reembolso_devoluciones\/","url":"https:\/\/www.medusaextensions.com\/reembolso_devoluciones\/","name":"Pol\u00edtica de devoluciones y reembolsos - Medusa Extensions","isPartOf":{"@id":"https:\/\/www.medusaextensions.com\/#website"},"datePublished":"2026-04-09T11:27:53+00:00","dateModified":"2026-04-09T12:35:54+00:00","breadcrumb":{"@id":"https:\/\/www.medusaextensions.com\/reembolso_devoluciones\/#breadcrumb"},"inLanguage":"en-US","potentialAction":[{"@type":"ReadAction","target":["https:\/\/www.medusaextensions.com\/reembolso_devoluciones\/"]}]},{"@type":"BreadcrumbList","@id":"https:\/\/www.medusaextensions.com\/reembolso_devoluciones\/#breadcrumb","itemListElement":[{"@type":"ListItem","position":1,"name":"Portada","item":"https:\/\/www.medusaextensions.com\/"},{"@type":"ListItem","position":2,"name":"Pol\u00edtica de devoluciones y reembolsos"}]},{"@type":"WebSite","@id":"https:\/\/www.medusaextensions.com\/#website","url":"https:\/\/www.medusaextensions.com\/","name":"Medusa Extensions","description":"Posticer\u00eda de cabello natural","publisher":{"@id":"https:\/\/www.medusaextensions.com\/#organization"},"potentialAction":[{"@type":"SearchAction","target":{"@type":"EntryPoint","urlTemplate":"https:\/\/www.medusaextensions.com\/?s={search_term_string}"},"query-input":{"@type":"PropertyValueSpecification","valueRequired":true,"valueName":"search_term_string"}}],"inLanguage":"en-US"},{"@type":"Organization","@id":"https:\/\/www.medusaextensions.com\/#organization","name":"Medusa Extensions","url":"https:\/\/www.medusaextensions.com\/","logo":{"@type":"ImageObject","inLanguage":"en-US","@id":"https:\/\/www.medusaextensions.com\/#\/schema\/logo\/image\/","url":"https:\/\/www.medusaextensions.com\/wp-content\/uploads\/2026\/04\/WEB-EN-CONSTRUCCION-1.png","contentUrl":"https:\/\/www.medusaextensions.com\/wp-content\/uploads\/2026\/04\/WEB-EN-CONSTRUCCION-1.png","width":1366,"height":768,"caption":"Medusa Extensions"},"image":{"@id":"https:\/\/www.medusaextensions.com\/#\/schema\/logo\/image\/"}}]}},"_links":{"self":[{"href":"https:\/\/www.medusaextensions.com\/en\/wp-json\/wp\/v2\/pages\/14","targetHints":{"allow":["GET"]}}],"collection":[{"href":"https:\/\/www.medusaextensions.com\/en\/wp-json\/wp\/v2\/pages"}],"about":[{"href":"https:\/\/www.medusaextensions.com\/en\/wp-json\/wp\/v2\/types\/page"}],"author":[{"embeddable":true,"href":"https:\/\/www.medusaextensions.com\/en\/wp-json\/wp\/v2\/users\/1"}],"replies":[{"embeddable":true,"href":"https:\/\/www.medusaextensions.com\/en\/wp-json\/wp\/v2\/comments?post=14"}],"version-history":[{"count":13,"href":"https:\/\/www.medusaextensions.com\/en\/wp-json\/wp\/v2\/pages\/14\/revisions"}],"predecessor-version":[{"id":84,"href":"https:\/\/www.medusaextensions.com\/en\/wp-json\/wp\/v2\/pages\/14\/revisions\/84"}],"wp:attachment":[{"href":"https:\/\/www.medusaextensions.com\/en\/wp-json\/wp\/v2\/media?parent=14"}],"curies":[{"name":"wp","href":"https:\/\/api.w.org\/{rel}","templated":true}]}}