{"id":160,"date":"2026-04-20T15:56:42","date_gmt":"2026-04-20T15:56:42","guid":{"rendered":"https:\/\/www.medusaextensions.com\/?post_type=product&#038;p=160"},"modified":"2026-05-15T12:30:17","modified_gmt":"2026-05-15T12:30:17","slug":"extensiones-classic","status":"publish","type":"product","link":"https:\/\/www.medusaextensions.com\/en\/product\/extensiones-classic\/","title":{"rendered":"Extensiones Classic"},"content":{"rendered":"<p class=\"p1\">Obt\u00e9n longitud y densidad en un solo gesto.<\/p>\n<p class=\"p1\">Todas nuestras <b>Extensiones,<\/b> son onduladas pero f\u00e1ciles de alisar y moldear. Su longitud estirada alcanza hasta los 50\/60 cm, seg\u00fan modelo elegido.<\/p>\n<p class=\"p1\">La melena que siempre has so\u00f1ado, ahora al alcance de tus manos.<\/p>\n<p class=\"p1\">Olv\u00eddate de esas incomodas grapas o queratina que tanto estropean el cabello o de llevar numerosas tiras de clips. Aqu\u00ed tienes las extensiones m\u00e1s c\u00f3modas de llevar y m\u00e1s f\u00e1ciles de poner de todo el mercado.<\/p>\n<p><strong>Ficha T\u00e9cnica y diferencias con Extensiones Premium (longitud y peso):<\/strong><\/p>\n<p><strong>Natural 100%:<\/strong>\u00a0 SI<\/p>\n<p><strong>Indian Remy:<\/strong>\u00a0 SI<\/p>\n<p><strong>Ancho:<\/strong>\u00a0 30 cm aprox.<\/p>\n<p><strong>Longitud del Cabello:<\/strong>\u00a050\/55 cm aprox.<\/p>\n<p><strong>Peso:<\/strong>\u00a0 100 gr aprox.<\/p>","protected":false},"excerpt":{"rendered":"<p>Disfruta de las mejores\u00a0<b>Extensiones de clip<\/b>\u00a0de todo el mercado. Como todos nuestros productos, tambi\u00e9n de cabello 100% natural.<\/p>\n<p>Lo que hace exclusiva a nuestras <b>Extensiones<\/b>, es la comodidad de llevar toda una melena de 100 O 150 gramos en una sola tira, garantizando una gran sujeci\u00f3n mediante sus seis clips.<\/p>","protected":false},"featured_media":1067,"comment_status":"open","ping_status":"closed","template":"","meta":[],"product_brand":[],"product_cat":[19],"product_tag":[25,26,34,33,24],"class_list":{"0":"post-160","1":"product","2":"type-product","3":"status-publish","4":"has-post-thumbnail","6":"product_cat-extensiones","7":"product_tag-cabello-natural","8":"product_tag-calidad","9":"product_tag-celebrity","10":"product_tag-extensiones","11":"product_tag-moda","13":"first","14":"instock","15":"taxable","16":"shipping-taxable","17":"purchasable","18":"product-type-variable","19":"rtwpvg-product"},"yoast_head":"<!-- This site is optimized with the Yoast SEO plugin v27.5 - https:\/\/yoast.com\/product\/yoast-seo-wordpress\/ -->\n<title>Extensiones Classic - Medusa Extensions<\/title>\n<meta name=\"description\" content=\"De cabello 100% natural, con nuestras Extensiones, podr\u00e1s llevar una melena de 100 en una sola tira, garantizando una gran sujeci\u00f3n con sus 6 clips.\" \/>\n<meta name=\"robots\" content=\"index, follow, max-snippet:-1, max-image-preview:large, max-video-preview:-1\" \/>\n<link rel=\"canonical\" href=\"https:\/\/www.medusaextensions.com\/en\/product\/extensiones-classic\/\" \/>\n<meta property=\"og:locale\" content=\"en_US\" \/>\n<meta property=\"og:type\" content=\"article\" \/>\n<meta property=\"og:title\" content=\"Extensiones Classic - Medusa Extensions\" \/>\n<meta property=\"og:description\" content=\"De cabello 100% natural, con nuestras Extensiones, podr\u00e1s llevar una melena de 100 en una sola tira, garantizando una gran sujeci\u00f3n con sus 6 clips.\" \/>\n<meta property=\"og:url\" content=\"https:\/\/www.medusaextensions.com\/en\/product\/extensiones-classic\/\" \/>\n<meta property=\"og:site_name\" content=\"Medusa Extensions\" \/>\n<meta property=\"article:modified_time\" content=\"2026-05-15T12:30:17+00:00\" \/>\n<meta property=\"og:image\" content=\"https:\/\/www.medusaextensions.com\/wp-content\/uploads\/2026\/04\/PORTADA-EXT-CLASSIC.jpg\" \/>\n\t<meta property=\"og:image:width\" content=\"974\" \/>\n\t<meta property=\"og:image:height\" content=\"1558\" \/>\n\t<meta property=\"og:image:type\" content=\"image\/jpeg\" \/>\n<meta name=\"twitter:card\" content=\"summary_large_image\" \/>\n<meta name=\"twitter:label1\" content=\"Est. reading time\" \/>\n\t<meta name=\"twitter:data1\" content=\"1 minute\" \/>\n<script type=\"application\/ld+json\" class=\"yoast-schema-graph\">{\"@context\":\"https:\\\/\\\/schema.org\",\"@graph\":[{\"@type\":\"WebPage\",\"@id\":\"https:\\\/\\\/www.medusaextensions.com\\\/producto\\\/extensiones-classic\\\/\",\"url\":\"https:\\\/\\\/www.medusaextensions.com\\\/producto\\\/extensiones-classic\\\/\",\"name\":\"Extensiones Classic - Medusa Extensions\",\"isPartOf\":{\"@id\":\"https:\\\/\\\/www.medusaextensions.com\\\/#website\"},\"primaryImageOfPage\":{\"@id\":\"https:\\\/\\\/www.medusaextensions.com\\\/producto\\\/extensiones-classic\\\/#primaryimage\"},\"image\":{\"@id\":\"https:\\\/\\\/www.medusaextensions.com\\\/producto\\\/extensiones-classic\\\/#primaryimage\"},\"thumbnailUrl\":\"https:\\\/\\\/www.medusaextensions.com\\\/wp-content\\\/uploads\\\/2026\\\/04\\\/PORTADA-EXT-CLASSIC.jpg\",\"datePublished\":\"2026-04-20T15:56:42+00:00\",\"dateModified\":\"2026-05-15T12:30:17+00:00\",\"description\":\"De cabello 100% natural, con nuestras Extensiones, podr\u00e1s llevar una melena de 100 en una sola tira, garantizando una gran sujeci\u00f3n con sus 6 clips.\",\"breadcrumb\":{\"@id\":\"https:\\\/\\\/www.medusaextensions.com\\\/producto\\\/extensiones-classic\\\/#breadcrumb\"},\"inLanguage\":\"en-US\",\"potentialAction\":[{\"@type\":\"ReadAction\",\"target\":[\"https:\\\/\\\/www.medusaextensions.com\\\/producto\\\/extensiones-classic\\\/\"]}]},{\"@type\":\"ImageObject\",\"inLanguage\":\"en-US\",\"@id\":\"https:\\\/\\\/www.medusaextensions.com\\\/producto\\\/extensiones-classic\\\/#primaryimage\",\"url\":\"https:\\\/\\\/www.medusaextensions.com\\\/wp-content\\\/uploads\\\/2026\\\/04\\\/PORTADA-EXT-CLASSIC.jpg\",\"contentUrl\":\"https:\\\/\\\/www.medusaextensions.com\\\/wp-content\\\/uploads\\\/2026\\\/04\\\/PORTADA-EXT-CLASSIC.jpg\",\"width\":974,\"height\":1558},{\"@type\":\"BreadcrumbList\",\"@id\":\"https:\\\/\\\/www.medusaextensions.com\\\/producto\\\/extensiones-classic\\\/#breadcrumb\",\"itemListElement\":[{\"@type\":\"ListItem\",\"position\":1,\"name\":\"Portada\",\"item\":\"https:\\\/\\\/www.medusaextensions.com\\\/\"},{\"@type\":\"ListItem\",\"position\":2,\"name\":\"Tienda\",\"item\":\"https:\\\/\\\/www.medusaextensions.com\\\/tienda\\\/\"},{\"@type\":\"ListItem\",\"position\":3,\"name\":\"Extensiones Classic\"}]},{\"@type\":\"WebSite\",\"@id\":\"https:\\\/\\\/www.medusaextensions.com\\\/#website\",\"url\":\"https:\\\/\\\/www.medusaextensions.com\\\/\",\"name\":\"Medusa Extensions\",\"description\":\"Posticer\u00eda de cabello natural\",\"publisher\":{\"@id\":\"https:\\\/\\\/www.medusaextensions.com\\\/#organization\"},\"potentialAction\":[{\"@type\":\"SearchAction\",\"target\":{\"@type\":\"EntryPoint\",\"urlTemplate\":\"https:\\\/\\\/www.medusaextensions.com\\\/?s={search_term_string}\"},\"query-input\":{\"@type\":\"PropertyValueSpecification\",\"valueRequired\":true,\"valueName\":\"search_term_string\"}}],\"inLanguage\":\"en-US\"},{\"@type\":\"Organization\",\"@id\":\"https:\\\/\\\/www.medusaextensions.com\\\/#organization\",\"name\":\"Medusa Extensions\",\"url\":\"https:\\\/\\\/www.medusaextensions.com\\\/\",\"logo\":{\"@type\":\"ImageObject\",\"inLanguage\":\"en-US\",\"@id\":\"https:\\\/\\\/www.medusaextensions.com\\\/#\\\/schema\\\/logo\\\/image\\\/\",\"url\":\"https:\\\/\\\/www.medusaextensions.com\\\/wp-content\\\/uploads\\\/2026\\\/04\\\/WEB-EN-CONSTRUCCION-1.png\",\"contentUrl\":\"https:\\\/\\\/www.medusaextensions.com\\\/wp-content\\\/uploads\\\/2026\\\/04\\\/WEB-EN-CONSTRUCCION-1.png\",\"width\":1366,\"height\":768,\"caption\":\"Medusa Extensions\"},\"image\":{\"@id\":\"https:\\\/\\\/www.medusaextensions.com\\\/#\\\/schema\\\/logo\\\/image\\\/\"}}]}<\/script>\n<!-- \/ Yoast SEO plugin. -->","yoast_head_json":{"title":"Extensiones Classic - Medusa Extensions","description":"De cabello 100% natural, con nuestras Extensiones, podr\u00e1s llevar una melena de 100 en una sola tira, garantizando una gran sujeci\u00f3n con sus 6 clips.","robots":{"index":"index","follow":"follow","max-snippet":"max-snippet:-1","max-image-preview":"max-image-preview:large","max-video-preview":"max-video-preview:-1"},"canonical":"https:\/\/www.medusaextensions.com\/en\/product\/extensiones-classic\/","og_locale":"en_US","og_type":"article","og_title":"Extensiones Classic - Medusa Extensions","og_description":"De cabello 100% natural, con nuestras Extensiones, podr\u00e1s llevar una melena de 100 en una sola tira, garantizando una gran sujeci\u00f3n con sus 6 clips.","og_url":"https:\/\/www.medusaextensions.com\/en\/product\/extensiones-classic\/","og_site_name":"Medusa Extensions","article_modified_time":"2026-05-15T12:30:17+00:00","og_image":[{"width":974,"height":1558,"url":"https:\/\/www.medusaextensions.com\/wp-content\/uploads\/2026\/04\/PORTADA-EXT-CLASSIC.jpg","type":"image\/jpeg"}],"twitter_card":"summary_large_image","twitter_misc":{"Est. reading time":"1 minute"},"schema":{"@context":"https:\/\/schema.org","@graph":[{"@type":"WebPage","@id":"https:\/\/www.medusaextensions.com\/producto\/extensiones-classic\/","url":"https:\/\/www.medusaextensions.com\/producto\/extensiones-classic\/","name":"Extensiones Classic - Medusa Extensions","isPartOf":{"@id":"https:\/\/www.medusaextensions.com\/#website"},"primaryImageOfPage":{"@id":"https:\/\/www.medusaextensions.com\/producto\/extensiones-classic\/#primaryimage"},"image":{"@id":"https:\/\/www.medusaextensions.com\/producto\/extensiones-classic\/#primaryimage"},"thumbnailUrl":"https:\/\/www.medusaextensions.com\/wp-content\/uploads\/2026\/04\/PORTADA-EXT-CLASSIC.jpg","datePublished":"2026-04-20T15:56:42+00:00","dateModified":"2026-05-15T12:30:17+00:00","description":"De cabello 100% natural, con nuestras Extensiones, podr\u00e1s llevar una melena de 100 en una sola tira, garantizando una gran sujeci\u00f3n con sus 6 clips.","breadcrumb":{"@id":"https:\/\/www.medusaextensions.com\/producto\/extensiones-classic\/#breadcrumb"},"inLanguage":"en-US","potentialAction":[{"@type":"ReadAction","target":["https:\/\/www.medusaextensions.com\/producto\/extensiones-classic\/"]}]},{"@type":"ImageObject","inLanguage":"en-US","@id":"https:\/\/www.medusaextensions.com\/producto\/extensiones-classic\/#primaryimage","url":"https:\/\/www.medusaextensions.com\/wp-content\/uploads\/2026\/04\/PORTADA-EXT-CLASSIC.jpg","contentUrl":"https:\/\/www.medusaextensions.com\/wp-content\/uploads\/2026\/04\/PORTADA-EXT-CLASSIC.jpg","width":974,"height":1558},{"@type":"BreadcrumbList","@id":"https:\/\/www.medusaextensions.com\/producto\/extensiones-classic\/#breadcrumb","itemListElement":[{"@type":"ListItem","position":1,"name":"Portada","item":"https:\/\/www.medusaextensions.com\/"},{"@type":"ListItem","position":2,"name":"Tienda","item":"https:\/\/www.medusaextensions.com\/tienda\/"},{"@type":"ListItem","position":3,"name":"Extensiones Classic"}]},{"@type":"WebSite","@id":"https:\/\/www.medusaextensions.com\/#website","url":"https:\/\/www.medusaextensions.com\/","name":"Medusa Extensions","description":"Posticer\u00eda de cabello natural","publisher":{"@id":"https:\/\/www.medusaextensions.com\/#organization"},"potentialAction":[{"@type":"SearchAction","target":{"@type":"EntryPoint","urlTemplate":"https:\/\/www.medusaextensions.com\/?s={search_term_string}"},"query-input":{"@type":"PropertyValueSpecification","valueRequired":true,"valueName":"search_term_string"}}],"inLanguage":"en-US"},{"@type":"Organization","@id":"https:\/\/www.medusaextensions.com\/#organization","name":"Medusa Extensions","url":"https:\/\/www.medusaextensions.com\/","logo":{"@type":"ImageObject","inLanguage":"en-US","@id":"https:\/\/www.medusaextensions.com\/#\/schema\/logo\/image\/","url":"https:\/\/www.medusaextensions.com\/wp-content\/uploads\/2026\/04\/WEB-EN-CONSTRUCCION-1.png","contentUrl":"https:\/\/www.medusaextensions.com\/wp-content\/uploads\/2026\/04\/WEB-EN-CONSTRUCCION-1.png","width":1366,"height":768,"caption":"Medusa Extensions"},"image":{"@id":"https:\/\/www.medusaextensions.com\/#\/schema\/logo\/image\/"}}]}},"_links":{"self":[{"href":"https:\/\/www.medusaextensions.com\/en\/wp-json\/wp\/v2\/product\/160","targetHints":{"allow":["GET"]}}],"collection":[{"href":"https:\/\/www.medusaextensions.com\/en\/wp-json\/wp\/v2\/product"}],"about":[{"href":"https:\/\/www.medusaextensions.com\/en\/wp-json\/wp\/v2\/types\/product"}],"replies":[{"embeddable":true,"href":"https:\/\/www.medusaextensions.com\/en\/wp-json\/wp\/v2\/comments?post=160"}],"wp:featuredmedia":[{"embeddable":true,"href":"https:\/\/www.medusaextensions.com\/en\/wp-json\/wp\/v2\/media\/1067"}],"wp:attachment":[{"href":"https:\/\/www.medusaextensions.com\/en\/wp-json\/wp\/v2\/media?parent=160"}],"wp:term":[{"taxonomy":"product_brand","embeddable":true,"href":"https:\/\/www.medusaextensions.com\/en\/wp-json\/wp\/v2\/product_brand?post=160"},{"taxonomy":"product_cat","embeddable":true,"href":"https:\/\/www.medusaextensions.com\/en\/wp-json\/wp\/v2\/product_cat?post=160"},{"taxonomy":"product_tag","embeddable":true,"href":"https:\/\/www.medusaextensions.com\/en\/wp-json\/wp\/v2\/product_tag?post=160"}],"curies":[{"name":"wp","href":"https:\/\/api.w.org\/{rel}","templated":true}]}}