{"id":740,"date":"2026-04-20T16:05:53","date_gmt":"2026-04-20T16:05:53","guid":{"rendered":"https:\/\/www.medusaextensions.com\/?post_type=product&#038;p=740"},"modified":"2026-05-13T10:50:02","modified_gmt":"2026-05-13T10:50:02","slug":"extensiones-venus","status":"publish","type":"product","link":"https:\/\/www.medusaextensions.com\/en\/product\/extensiones-venus\/","title":{"rendered":"Extensiones Venus"},"content":{"rendered":"<p class=\"p2\">Un total de m\u00e1s de 150 gramos de cabello 100% natura de la mejor calidad, que podr\u00e1s lavar, te\u00f1ir, matizar, y\/o planchar, para conseguir tus mejores resultados. No se recomienda decoloraciones.<\/p>\n<p class=\"p2\"><strong>Detalles del producto:<\/strong><\/p>\n<p class=\"p1\"><b>Cabello Natural 100% humano:<\/b>\u00a0 SI<\/p>\n<p class=\"p1\"><b>Longitud del Cabello:<\/b>\u00a0 55\/60 cm aprox.<\/p>\n<p class=\"p2\"><strong>Sujeci\u00f3n<\/strong>:\u00a0 1\u00aa- 5 clips. \/ 2\u00aa- 4 clips. \/ 3\u00aa- 3 clips<\/p>\n<p class=\"p1\"><b>Peso:<\/b>\u00a0 150 gr aprox.<\/p>\n<p class=\"p1\"><strong>Ancho<\/strong>:\u00a0 1\u00aa \u2013 29 cm. \/ 2\u00aa \u2013 21 cm. \/ 3\u00aa \u2013 15 cm.<\/p>","protected":false},"excerpt":{"rendered":"<p><span class=\"s1\">Nuestras <b>Extensiones Venus<\/b>, son el producto perfecto para lograr una <strong>mayor versatilidad en tus peinados<\/strong>, ya que podr\u00e1s <strong>escoger la densidad de tu melena<\/strong>, en funci\u00f3n a tus necesidades en cada momento y en cada peinado, gracias a que est\u00e1 <strong>compuesta por tres tiras independientes<\/strong>.<\/span><\/p>","protected":false},"featured_media":1125,"comment_status":"open","ping_status":"closed","template":"","meta":[],"product_brand":[],"product_cat":[19],"product_tag":[25,26,34,33,35,24,31],"class_list":{"0":"post-740","1":"product","2":"type-product","3":"status-publish","4":"has-post-thumbnail","6":"product_cat-extensiones","7":"product_tag-cabello-natural","8":"product_tag-calidad","9":"product_tag-celebrity","10":"product_tag-extensiones","11":"product_tag-jesus-de-paula","12":"product_tag-moda","13":"product_tag-premium","15":"first","16":"instock","17":"taxable","18":"shipping-taxable","19":"purchasable","20":"product-type-variable","21":"rtwpvg-product"},"yoast_head":"<!-- This site is optimized with the Yoast SEO plugin v27.5 - https:\/\/yoast.com\/product\/yoast-seo-wordpress\/ -->\n<title>Extensiones Venus - Medusa Extensions<\/title>\n<meta name=\"description\" content=\"Perfecto para mayor versatilidad en tus peinados, ya que podr\u00e1s escoger la densidad de tu melena gracias a que est\u00e1 compuesta por tres tiras independientes.\" \/>\n<meta name=\"robots\" content=\"index, follow, max-snippet:-1, max-image-preview:large, max-video-preview:-1\" \/>\n<link rel=\"canonical\" href=\"https:\/\/www.medusaextensions.com\/en\/product\/extensiones-venus\/\" \/>\n<meta property=\"og:locale\" content=\"en_US\" \/>\n<meta property=\"og:type\" content=\"article\" \/>\n<meta property=\"og:title\" content=\"Extensiones Venus - Medusa Extensions\" \/>\n<meta property=\"og:description\" content=\"Perfecto para mayor versatilidad en tus peinados, ya que podr\u00e1s escoger la densidad de tu melena gracias a que est\u00e1 compuesta por tres tiras independientes.\" \/>\n<meta property=\"og:url\" content=\"https:\/\/www.medusaextensions.com\/en\/product\/extensiones-venus\/\" \/>\n<meta property=\"og:site_name\" content=\"Medusa Extensions\" \/>\n<meta property=\"article:modified_time\" content=\"2026-05-13T10:50:02+00:00\" \/>\n<meta property=\"og:image\" content=\"https:\/\/www.medusaextensions.com\/wp-content\/uploads\/2026\/04\/PORTADA-EXT-VENUS.jpg\" \/>\n\t<meta property=\"og:image:width\" content=\"974\" \/>\n\t<meta property=\"og:image:height\" content=\"1558\" \/>\n\t<meta property=\"og:image:type\" content=\"image\/jpeg\" \/>\n<meta name=\"twitter:card\" content=\"summary_large_image\" \/>\n<meta name=\"twitter:label1\" content=\"Est. reading time\" \/>\n\t<meta name=\"twitter:data1\" content=\"1 minute\" \/>\n<script type=\"application\/ld+json\" class=\"yoast-schema-graph\">{\"@context\":\"https:\\\/\\\/schema.org\",\"@graph\":[{\"@type\":\"WebPage\",\"@id\":\"https:\\\/\\\/www.medusaextensions.com\\\/producto\\\/extensiones-venus\\\/\",\"url\":\"https:\\\/\\\/www.medusaextensions.com\\\/producto\\\/extensiones-venus\\\/\",\"name\":\"Extensiones Venus - Medusa Extensions\",\"isPartOf\":{\"@id\":\"https:\\\/\\\/www.medusaextensions.com\\\/#website\"},\"primaryImageOfPage\":{\"@id\":\"https:\\\/\\\/www.medusaextensions.com\\\/producto\\\/extensiones-venus\\\/#primaryimage\"},\"image\":{\"@id\":\"https:\\\/\\\/www.medusaextensions.com\\\/producto\\\/extensiones-venus\\\/#primaryimage\"},\"thumbnailUrl\":\"https:\\\/\\\/www.medusaextensions.com\\\/wp-content\\\/uploads\\\/2026\\\/04\\\/PORTADA-EXT-VENUS.jpg\",\"datePublished\":\"2026-04-20T16:05:53+00:00\",\"dateModified\":\"2026-05-13T10:50:02+00:00\",\"description\":\"Perfecto para mayor versatilidad en tus peinados, ya que podr\u00e1s escoger la densidad de tu melena gracias a que est\u00e1 compuesta por tres tiras independientes.\",\"breadcrumb\":{\"@id\":\"https:\\\/\\\/www.medusaextensions.com\\\/producto\\\/extensiones-venus\\\/#breadcrumb\"},\"inLanguage\":\"en-US\",\"potentialAction\":[{\"@type\":\"ReadAction\",\"target\":[\"https:\\\/\\\/www.medusaextensions.com\\\/producto\\\/extensiones-venus\\\/\"]}]},{\"@type\":\"ImageObject\",\"inLanguage\":\"en-US\",\"@id\":\"https:\\\/\\\/www.medusaextensions.com\\\/producto\\\/extensiones-venus\\\/#primaryimage\",\"url\":\"https:\\\/\\\/www.medusaextensions.com\\\/wp-content\\\/uploads\\\/2026\\\/04\\\/PORTADA-EXT-VENUS.jpg\",\"contentUrl\":\"https:\\\/\\\/www.medusaextensions.com\\\/wp-content\\\/uploads\\\/2026\\\/04\\\/PORTADA-EXT-VENUS.jpg\",\"width\":974,\"height\":1558},{\"@type\":\"BreadcrumbList\",\"@id\":\"https:\\\/\\\/www.medusaextensions.com\\\/producto\\\/extensiones-venus\\\/#breadcrumb\",\"itemListElement\":[{\"@type\":\"ListItem\",\"position\":1,\"name\":\"Portada\",\"item\":\"https:\\\/\\\/www.medusaextensions.com\\\/\"},{\"@type\":\"ListItem\",\"position\":2,\"name\":\"Tienda\",\"item\":\"https:\\\/\\\/www.medusaextensions.com\\\/tienda\\\/\"},{\"@type\":\"ListItem\",\"position\":3,\"name\":\"Extensiones Venus\"}]},{\"@type\":\"WebSite\",\"@id\":\"https:\\\/\\\/www.medusaextensions.com\\\/#website\",\"url\":\"https:\\\/\\\/www.medusaextensions.com\\\/\",\"name\":\"Medusa Extensions\",\"description\":\"Posticer\u00eda de cabello natural\",\"publisher\":{\"@id\":\"https:\\\/\\\/www.medusaextensions.com\\\/#organization\"},\"potentialAction\":[{\"@type\":\"SearchAction\",\"target\":{\"@type\":\"EntryPoint\",\"urlTemplate\":\"https:\\\/\\\/www.medusaextensions.com\\\/?s={search_term_string}\"},\"query-input\":{\"@type\":\"PropertyValueSpecification\",\"valueRequired\":true,\"valueName\":\"search_term_string\"}}],\"inLanguage\":\"en-US\"},{\"@type\":\"Organization\",\"@id\":\"https:\\\/\\\/www.medusaextensions.com\\\/#organization\",\"name\":\"Medusa Extensions\",\"url\":\"https:\\\/\\\/www.medusaextensions.com\\\/\",\"logo\":{\"@type\":\"ImageObject\",\"inLanguage\":\"en-US\",\"@id\":\"https:\\\/\\\/www.medusaextensions.com\\\/#\\\/schema\\\/logo\\\/image\\\/\",\"url\":\"https:\\\/\\\/www.medusaextensions.com\\\/wp-content\\\/uploads\\\/2026\\\/04\\\/WEB-EN-CONSTRUCCION-1.png\",\"contentUrl\":\"https:\\\/\\\/www.medusaextensions.com\\\/wp-content\\\/uploads\\\/2026\\\/04\\\/WEB-EN-CONSTRUCCION-1.png\",\"width\":1366,\"height\":768,\"caption\":\"Medusa Extensions\"},\"image\":{\"@id\":\"https:\\\/\\\/www.medusaextensions.com\\\/#\\\/schema\\\/logo\\\/image\\\/\"}}]}<\/script>\n<!-- \/ Yoast SEO plugin. -->","yoast_head_json":{"title":"Extensiones Venus - Medusa Extensions","description":"Perfecto para mayor versatilidad en tus peinados, ya que podr\u00e1s escoger la densidad de tu melena gracias a que est\u00e1 compuesta por tres tiras independientes.","robots":{"index":"index","follow":"follow","max-snippet":"max-snippet:-1","max-image-preview":"max-image-preview:large","max-video-preview":"max-video-preview:-1"},"canonical":"https:\/\/www.medusaextensions.com\/en\/product\/extensiones-venus\/","og_locale":"en_US","og_type":"article","og_title":"Extensiones Venus - Medusa Extensions","og_description":"Perfecto para mayor versatilidad en tus peinados, ya que podr\u00e1s escoger la densidad de tu melena gracias a que est\u00e1 compuesta por tres tiras independientes.","og_url":"https:\/\/www.medusaextensions.com\/en\/product\/extensiones-venus\/","og_site_name":"Medusa Extensions","article_modified_time":"2026-05-13T10:50:02+00:00","og_image":[{"width":974,"height":1558,"url":"https:\/\/www.medusaextensions.com\/wp-content\/uploads\/2026\/04\/PORTADA-EXT-VENUS.jpg","type":"image\/jpeg"}],"twitter_card":"summary_large_image","twitter_misc":{"Est. reading time":"1 minute"},"schema":{"@context":"https:\/\/schema.org","@graph":[{"@type":"WebPage","@id":"https:\/\/www.medusaextensions.com\/producto\/extensiones-venus\/","url":"https:\/\/www.medusaextensions.com\/producto\/extensiones-venus\/","name":"Extensiones Venus - Medusa Extensions","isPartOf":{"@id":"https:\/\/www.medusaextensions.com\/#website"},"primaryImageOfPage":{"@id":"https:\/\/www.medusaextensions.com\/producto\/extensiones-venus\/#primaryimage"},"image":{"@id":"https:\/\/www.medusaextensions.com\/producto\/extensiones-venus\/#primaryimage"},"thumbnailUrl":"https:\/\/www.medusaextensions.com\/wp-content\/uploads\/2026\/04\/PORTADA-EXT-VENUS.jpg","datePublished":"2026-04-20T16:05:53+00:00","dateModified":"2026-05-13T10:50:02+00:00","description":"Perfecto para mayor versatilidad en tus peinados, ya que podr\u00e1s escoger la densidad de tu melena gracias a que est\u00e1 compuesta por tres tiras independientes.","breadcrumb":{"@id":"https:\/\/www.medusaextensions.com\/producto\/extensiones-venus\/#breadcrumb"},"inLanguage":"en-US","potentialAction":[{"@type":"ReadAction","target":["https:\/\/www.medusaextensions.com\/producto\/extensiones-venus\/"]}]},{"@type":"ImageObject","inLanguage":"en-US","@id":"https:\/\/www.medusaextensions.com\/producto\/extensiones-venus\/#primaryimage","url":"https:\/\/www.medusaextensions.com\/wp-content\/uploads\/2026\/04\/PORTADA-EXT-VENUS.jpg","contentUrl":"https:\/\/www.medusaextensions.com\/wp-content\/uploads\/2026\/04\/PORTADA-EXT-VENUS.jpg","width":974,"height":1558},{"@type":"BreadcrumbList","@id":"https:\/\/www.medusaextensions.com\/producto\/extensiones-venus\/#breadcrumb","itemListElement":[{"@type":"ListItem","position":1,"name":"Portada","item":"https:\/\/www.medusaextensions.com\/"},{"@type":"ListItem","position":2,"name":"Tienda","item":"https:\/\/www.medusaextensions.com\/tienda\/"},{"@type":"ListItem","position":3,"name":"Extensiones Venus"}]},{"@type":"WebSite","@id":"https:\/\/www.medusaextensions.com\/#website","url":"https:\/\/www.medusaextensions.com\/","name":"Medusa Extensions","description":"Posticer\u00eda de cabello natural","publisher":{"@id":"https:\/\/www.medusaextensions.com\/#organization"},"potentialAction":[{"@type":"SearchAction","target":{"@type":"EntryPoint","urlTemplate":"https:\/\/www.medusaextensions.com\/?s={search_term_string}"},"query-input":{"@type":"PropertyValueSpecification","valueRequired":true,"valueName":"search_term_string"}}],"inLanguage":"en-US"},{"@type":"Organization","@id":"https:\/\/www.medusaextensions.com\/#organization","name":"Medusa Extensions","url":"https:\/\/www.medusaextensions.com\/","logo":{"@type":"ImageObject","inLanguage":"en-US","@id":"https:\/\/www.medusaextensions.com\/#\/schema\/logo\/image\/","url":"https:\/\/www.medusaextensions.com\/wp-content\/uploads\/2026\/04\/WEB-EN-CONSTRUCCION-1.png","contentUrl":"https:\/\/www.medusaextensions.com\/wp-content\/uploads\/2026\/04\/WEB-EN-CONSTRUCCION-1.png","width":1366,"height":768,"caption":"Medusa Extensions"},"image":{"@id":"https:\/\/www.medusaextensions.com\/#\/schema\/logo\/image\/"}}]}},"_links":{"self":[{"href":"https:\/\/www.medusaextensions.com\/en\/wp-json\/wp\/v2\/product\/740","targetHints":{"allow":["GET"]}}],"collection":[{"href":"https:\/\/www.medusaextensions.com\/en\/wp-json\/wp\/v2\/product"}],"about":[{"href":"https:\/\/www.medusaextensions.com\/en\/wp-json\/wp\/v2\/types\/product"}],"replies":[{"embeddable":true,"href":"https:\/\/www.medusaextensions.com\/en\/wp-json\/wp\/v2\/comments?post=740"}],"wp:featuredmedia":[{"embeddable":true,"href":"https:\/\/www.medusaextensions.com\/en\/wp-json\/wp\/v2\/media\/1125"}],"wp:attachment":[{"href":"https:\/\/www.medusaextensions.com\/en\/wp-json\/wp\/v2\/media?parent=740"}],"wp:term":[{"taxonomy":"product_brand","embeddable":true,"href":"https:\/\/www.medusaextensions.com\/en\/wp-json\/wp\/v2\/product_brand?post=740"},{"taxonomy":"product_cat","embeddable":true,"href":"https:\/\/www.medusaextensions.com\/en\/wp-json\/wp\/v2\/product_cat?post=740"},{"taxonomy":"product_tag","embeddable":true,"href":"https:\/\/www.medusaextensions.com\/en\/wp-json\/wp\/v2\/product_tag?post=740"}],"curies":[{"name":"wp","href":"https:\/\/api.w.org\/{rel}","templated":true}]}}