{"id":741,"date":"2026-04-22T16:13:13","date_gmt":"2026-04-22T16:13:13","guid":{"rendered":"https:\/\/www.medusaextensions.com\/?post_type=product&#038;p=741"},"modified":"2026-05-14T20:30:22","modified_gmt":"2026-05-14T20:30:22","slug":"coleta-classic","status":"publish","type":"product","link":"https:\/\/www.medusaextensions.com\/en\/product\/coleta-classic\/","title":{"rendered":"Coleta Classic"},"content":{"rendered":"<p class=\"line-height-125\">Son muy f\u00e1ciles de colocar. Solo tienes que introducir la peineta en la base de tu coleta y enrollar la cinta de velcro que termina en un largo mech\u00f3n de cabello que quedar\u00e1 enrollado para proporcionar un acabado natural.<\/p>\n<p class=\"line-height-125\">Nuestra coleta es un b\u00e1sico que no puede faltar en ning\u00fan tocador\u2026 estar\u00e1s siempre peinada y perfecta en cualquier momento. Podr\u00e1s ponerla baja, alta, de lado, o incluso trenzada.<\/p>\n<p class=\"line-height-125\">Sus 100gr de peso le otorgan un volumen y movimiento de lo m\u00e1s natural.<\/p>\n<p class=\"line-height-125\"><strong>Ficha T\u00e9cnica y Diferencia con Coleta Premium (longitud y peso):<\/strong><\/p>\n<p><strong>Natural 100%:<\/strong>\u00a0 SI<\/p>\n<p><strong>Indian Remy:<\/strong>\u00a0 SI<\/p>\n<p><strong>Longitud del Cabello:<\/strong>\u00a0 50\/55 cm aprox.<\/p>\n<p><strong>Peso:<\/strong>\u00a0 100 gr aprox.<\/p>","protected":false},"excerpt":{"rendered":"<p>Nuestras coletas postizas est\u00e1n elaboradas con cabello 100% natural indian remy, as\u00ed que la podr\u00e1s lavar, te\u00f1ir y\/o planchar.<\/p>","protected":false},"featured_media":1139,"comment_status":"open","ping_status":"closed","template":"","meta":[],"product_brand":[],"product_cat":[20],"product_tag":[25,26,34,36,24],"class_list":{"0":"post-741","1":"product","2":"type-product","3":"status-publish","4":"has-post-thumbnail","6":"product_cat-coletas","7":"product_tag-cabello-natural","8":"product_tag-calidad","9":"product_tag-celebrity","10":"product_tag-coletas","11":"product_tag-moda","13":"first","14":"instock","15":"taxable","16":"shipping-taxable","17":"purchasable","18":"product-type-variable","19":"rtwpvg-product"},"yoast_head":"<!-- This site is optimized with the Yoast SEO plugin v27.5 - https:\/\/yoast.com\/product\/yoast-seo-wordpress\/ -->\n<title>Coleta Classic - Medusa Extensions<\/title>\n<meta name=\"description\" content=\"Nuestras coletas postizas est\u00e1n elaboradas con cabello 100% natural indian remy, as\u00ed que la podr\u00e1s lavar, te\u00f1ir y\/o planchar.\" \/>\n<meta name=\"robots\" content=\"index, follow, max-snippet:-1, max-image-preview:large, max-video-preview:-1\" \/>\n<link rel=\"canonical\" href=\"https:\/\/www.medusaextensions.com\/en\/product\/coleta-classic\/\" \/>\n<meta property=\"og:locale\" content=\"en_US\" \/>\n<meta property=\"og:type\" content=\"article\" \/>\n<meta property=\"og:title\" content=\"Coleta Classic - Medusa Extensions\" \/>\n<meta property=\"og:description\" content=\"Nuestras coletas postizas est\u00e1n elaboradas con cabello 100% natural indian remy, as\u00ed que la podr\u00e1s lavar, te\u00f1ir y\/o planchar.\" \/>\n<meta property=\"og:url\" content=\"https:\/\/www.medusaextensions.com\/en\/product\/coleta-classic\/\" \/>\n<meta property=\"og:site_name\" content=\"Medusa Extensions\" \/>\n<meta property=\"article:modified_time\" content=\"2026-05-14T20:30:22+00:00\" \/>\n<meta property=\"og:image\" content=\"https:\/\/www.medusaextensions.com\/wp-content\/uploads\/2026\/04\/PORTADA-COLETA-CLASSIC.jpg\" \/>\n\t<meta property=\"og:image:width\" content=\"974\" \/>\n\t<meta property=\"og:image:height\" content=\"1558\" \/>\n\t<meta property=\"og:image:type\" content=\"image\/jpeg\" \/>\n<meta name=\"twitter:card\" content=\"summary_large_image\" \/>\n<meta name=\"twitter:label1\" content=\"Est. reading time\" \/>\n\t<meta name=\"twitter:data1\" content=\"1 minute\" \/>\n<script type=\"application\/ld+json\" class=\"yoast-schema-graph\">{\"@context\":\"https:\\\/\\\/schema.org\",\"@graph\":[{\"@type\":\"WebPage\",\"@id\":\"https:\\\/\\\/www.medusaextensions.com\\\/producto\\\/coleta-classic\\\/\",\"url\":\"https:\\\/\\\/www.medusaextensions.com\\\/producto\\\/coleta-classic\\\/\",\"name\":\"Coleta Classic - Medusa Extensions\",\"isPartOf\":{\"@id\":\"https:\\\/\\\/www.medusaextensions.com\\\/#website\"},\"primaryImageOfPage\":{\"@id\":\"https:\\\/\\\/www.medusaextensions.com\\\/producto\\\/coleta-classic\\\/#primaryimage\"},\"image\":{\"@id\":\"https:\\\/\\\/www.medusaextensions.com\\\/producto\\\/coleta-classic\\\/#primaryimage\"},\"thumbnailUrl\":\"https:\\\/\\\/www.medusaextensions.com\\\/wp-content\\\/uploads\\\/2026\\\/04\\\/PORTADA-COLETA-CLASSIC.jpg\",\"datePublished\":\"2026-04-22T16:13:13+00:00\",\"dateModified\":\"2026-05-14T20:30:22+00:00\",\"description\":\"Nuestras coletas postizas est\u00e1n elaboradas con cabello 100% natural indian remy, as\u00ed que la podr\u00e1s lavar, te\u00f1ir y\\\/o planchar.\",\"breadcrumb\":{\"@id\":\"https:\\\/\\\/www.medusaextensions.com\\\/producto\\\/coleta-classic\\\/#breadcrumb\"},\"inLanguage\":\"en-US\",\"potentialAction\":[{\"@type\":\"ReadAction\",\"target\":[\"https:\\\/\\\/www.medusaextensions.com\\\/producto\\\/coleta-classic\\\/\"]}]},{\"@type\":\"ImageObject\",\"inLanguage\":\"en-US\",\"@id\":\"https:\\\/\\\/www.medusaextensions.com\\\/producto\\\/coleta-classic\\\/#primaryimage\",\"url\":\"https:\\\/\\\/www.medusaextensions.com\\\/wp-content\\\/uploads\\\/2026\\\/04\\\/PORTADA-COLETA-CLASSIC.jpg\",\"contentUrl\":\"https:\\\/\\\/www.medusaextensions.com\\\/wp-content\\\/uploads\\\/2026\\\/04\\\/PORTADA-COLETA-CLASSIC.jpg\",\"width\":974,\"height\":1558},{\"@type\":\"BreadcrumbList\",\"@id\":\"https:\\\/\\\/www.medusaextensions.com\\\/producto\\\/coleta-classic\\\/#breadcrumb\",\"itemListElement\":[{\"@type\":\"ListItem\",\"position\":1,\"name\":\"Portada\",\"item\":\"https:\\\/\\\/www.medusaextensions.com\\\/\"},{\"@type\":\"ListItem\",\"position\":2,\"name\":\"Tienda\",\"item\":\"https:\\\/\\\/www.medusaextensions.com\\\/tienda\\\/\"},{\"@type\":\"ListItem\",\"position\":3,\"name\":\"Coleta Classic\"}]},{\"@type\":\"WebSite\",\"@id\":\"https:\\\/\\\/www.medusaextensions.com\\\/#website\",\"url\":\"https:\\\/\\\/www.medusaextensions.com\\\/\",\"name\":\"Medusa Extensions\",\"description\":\"Posticer\u00eda de cabello natural\",\"publisher\":{\"@id\":\"https:\\\/\\\/www.medusaextensions.com\\\/#organization\"},\"potentialAction\":[{\"@type\":\"SearchAction\",\"target\":{\"@type\":\"EntryPoint\",\"urlTemplate\":\"https:\\\/\\\/www.medusaextensions.com\\\/?s={search_term_string}\"},\"query-input\":{\"@type\":\"PropertyValueSpecification\",\"valueRequired\":true,\"valueName\":\"search_term_string\"}}],\"inLanguage\":\"en-US\"},{\"@type\":\"Organization\",\"@id\":\"https:\\\/\\\/www.medusaextensions.com\\\/#organization\",\"name\":\"Medusa Extensions\",\"url\":\"https:\\\/\\\/www.medusaextensions.com\\\/\",\"logo\":{\"@type\":\"ImageObject\",\"inLanguage\":\"en-US\",\"@id\":\"https:\\\/\\\/www.medusaextensions.com\\\/#\\\/schema\\\/logo\\\/image\\\/\",\"url\":\"https:\\\/\\\/www.medusaextensions.com\\\/wp-content\\\/uploads\\\/2026\\\/04\\\/WEB-EN-CONSTRUCCION-1.png\",\"contentUrl\":\"https:\\\/\\\/www.medusaextensions.com\\\/wp-content\\\/uploads\\\/2026\\\/04\\\/WEB-EN-CONSTRUCCION-1.png\",\"width\":1366,\"height\":768,\"caption\":\"Medusa Extensions\"},\"image\":{\"@id\":\"https:\\\/\\\/www.medusaextensions.com\\\/#\\\/schema\\\/logo\\\/image\\\/\"}}]}<\/script>\n<!-- \/ Yoast SEO plugin. -->","yoast_head_json":{"title":"Coleta Classic - Medusa Extensions","description":"Nuestras coletas postizas est\u00e1n elaboradas con cabello 100% natural indian remy, as\u00ed que la podr\u00e1s lavar, te\u00f1ir y\/o planchar.","robots":{"index":"index","follow":"follow","max-snippet":"max-snippet:-1","max-image-preview":"max-image-preview:large","max-video-preview":"max-video-preview:-1"},"canonical":"https:\/\/www.medusaextensions.com\/en\/product\/coleta-classic\/","og_locale":"en_US","og_type":"article","og_title":"Coleta Classic - Medusa Extensions","og_description":"Nuestras coletas postizas est\u00e1n elaboradas con cabello 100% natural indian remy, as\u00ed que la podr\u00e1s lavar, te\u00f1ir y\/o planchar.","og_url":"https:\/\/www.medusaextensions.com\/en\/product\/coleta-classic\/","og_site_name":"Medusa Extensions","article_modified_time":"2026-05-14T20:30:22+00:00","og_image":[{"width":974,"height":1558,"url":"https:\/\/www.medusaextensions.com\/wp-content\/uploads\/2026\/04\/PORTADA-COLETA-CLASSIC.jpg","type":"image\/jpeg"}],"twitter_card":"summary_large_image","twitter_misc":{"Est. reading time":"1 minute"},"schema":{"@context":"https:\/\/schema.org","@graph":[{"@type":"WebPage","@id":"https:\/\/www.medusaextensions.com\/producto\/coleta-classic\/","url":"https:\/\/www.medusaextensions.com\/producto\/coleta-classic\/","name":"Coleta Classic - Medusa Extensions","isPartOf":{"@id":"https:\/\/www.medusaextensions.com\/#website"},"primaryImageOfPage":{"@id":"https:\/\/www.medusaextensions.com\/producto\/coleta-classic\/#primaryimage"},"image":{"@id":"https:\/\/www.medusaextensions.com\/producto\/coleta-classic\/#primaryimage"},"thumbnailUrl":"https:\/\/www.medusaextensions.com\/wp-content\/uploads\/2026\/04\/PORTADA-COLETA-CLASSIC.jpg","datePublished":"2026-04-22T16:13:13+00:00","dateModified":"2026-05-14T20:30:22+00:00","description":"Nuestras coletas postizas est\u00e1n elaboradas con cabello 100% natural indian remy, as\u00ed que la podr\u00e1s lavar, te\u00f1ir y\/o planchar.","breadcrumb":{"@id":"https:\/\/www.medusaextensions.com\/producto\/coleta-classic\/#breadcrumb"},"inLanguage":"en-US","potentialAction":[{"@type":"ReadAction","target":["https:\/\/www.medusaextensions.com\/producto\/coleta-classic\/"]}]},{"@type":"ImageObject","inLanguage":"en-US","@id":"https:\/\/www.medusaextensions.com\/producto\/coleta-classic\/#primaryimage","url":"https:\/\/www.medusaextensions.com\/wp-content\/uploads\/2026\/04\/PORTADA-COLETA-CLASSIC.jpg","contentUrl":"https:\/\/www.medusaextensions.com\/wp-content\/uploads\/2026\/04\/PORTADA-COLETA-CLASSIC.jpg","width":974,"height":1558},{"@type":"BreadcrumbList","@id":"https:\/\/www.medusaextensions.com\/producto\/coleta-classic\/#breadcrumb","itemListElement":[{"@type":"ListItem","position":1,"name":"Portada","item":"https:\/\/www.medusaextensions.com\/"},{"@type":"ListItem","position":2,"name":"Tienda","item":"https:\/\/www.medusaextensions.com\/tienda\/"},{"@type":"ListItem","position":3,"name":"Coleta Classic"}]},{"@type":"WebSite","@id":"https:\/\/www.medusaextensions.com\/#website","url":"https:\/\/www.medusaextensions.com\/","name":"Medusa Extensions","description":"Posticer\u00eda de cabello natural","publisher":{"@id":"https:\/\/www.medusaextensions.com\/#organization"},"potentialAction":[{"@type":"SearchAction","target":{"@type":"EntryPoint","urlTemplate":"https:\/\/www.medusaextensions.com\/?s={search_term_string}"},"query-input":{"@type":"PropertyValueSpecification","valueRequired":true,"valueName":"search_term_string"}}],"inLanguage":"en-US"},{"@type":"Organization","@id":"https:\/\/www.medusaextensions.com\/#organization","name":"Medusa Extensions","url":"https:\/\/www.medusaextensions.com\/","logo":{"@type":"ImageObject","inLanguage":"en-US","@id":"https:\/\/www.medusaextensions.com\/#\/schema\/logo\/image\/","url":"https:\/\/www.medusaextensions.com\/wp-content\/uploads\/2026\/04\/WEB-EN-CONSTRUCCION-1.png","contentUrl":"https:\/\/www.medusaextensions.com\/wp-content\/uploads\/2026\/04\/WEB-EN-CONSTRUCCION-1.png","width":1366,"height":768,"caption":"Medusa Extensions"},"image":{"@id":"https:\/\/www.medusaextensions.com\/#\/schema\/logo\/image\/"}}]}},"_links":{"self":[{"href":"https:\/\/www.medusaextensions.com\/en\/wp-json\/wp\/v2\/product\/741","targetHints":{"allow":["GET"]}}],"collection":[{"href":"https:\/\/www.medusaextensions.com\/en\/wp-json\/wp\/v2\/product"}],"about":[{"href":"https:\/\/www.medusaextensions.com\/en\/wp-json\/wp\/v2\/types\/product"}],"replies":[{"embeddable":true,"href":"https:\/\/www.medusaextensions.com\/en\/wp-json\/wp\/v2\/comments?post=741"}],"wp:featuredmedia":[{"embeddable":true,"href":"https:\/\/www.medusaextensions.com\/en\/wp-json\/wp\/v2\/media\/1139"}],"wp:attachment":[{"href":"https:\/\/www.medusaextensions.com\/en\/wp-json\/wp\/v2\/media?parent=741"}],"wp:term":[{"taxonomy":"product_brand","embeddable":true,"href":"https:\/\/www.medusaextensions.com\/en\/wp-json\/wp\/v2\/product_brand?post=741"},{"taxonomy":"product_cat","embeddable":true,"href":"https:\/\/www.medusaextensions.com\/en\/wp-json\/wp\/v2\/product_cat?post=741"},{"taxonomy":"product_tag","embeddable":true,"href":"https:\/\/www.medusaextensions.com\/en\/wp-json\/wp\/v2\/product_tag?post=741"}],"curies":[{"name":"wp","href":"https:\/\/api.w.org\/{rel}","templated":true}]}}