{"id":746,"date":"2026-04-22T16:15:38","date_gmt":"2026-04-22T16:15:38","guid":{"rendered":"https:\/\/www.medusaextensions.com\/?post_type=product&#038;p=746"},"modified":"2026-05-13T10:37:45","modified_gmt":"2026-05-13T10:37:45","slug":"coleta-premium","status":"publish","type":"product","link":"https:\/\/www.medusaextensions.com\/en\/product\/coleta-premium\/","title":{"rendered":"Coleta Premium"},"content":{"rendered":"<p>Son muy f\u00e1ciles de colocar. Solo tienes que introducir la peineta en la base de tu coleta y enrollar la cinta de velcro que termina en un largo mech\u00f3n de cabello que quedar\u00e1 enrollado para proporcionar un acabado natural.<\/p>\n<p>Nuestra coleta es un b\u00e1sico que no puede faltar en ning\u00fan tocador\u2026 estar\u00e1s siempre peinada y perfecta en cualquier momento. Podr\u00e1s ponerla baja, alta, de lado, o incluso trenzada.<\/p>\n<p>Sus 150gr de peso le otorgan un volumen y movimiento de lo m\u00e1s natural, que no dejar\u00e1 indiferente a nadie.<\/p>\n<p><strong>Ficha T\u00e9cnica y Diferencias con las Coletas Classic (longitud y peso):<\/strong><\/p>\n<p><strong>Natural 100%:<\/strong>\u00a0 SI<\/p>\n<p><strong>Indian Remy:<\/strong>\u00a0 SI<\/p>\n<p><strong>Longitud del Cabello:<\/strong>\u00a0 60\/65 cm aprox.<\/p>\n<p><strong>Peso:<\/strong>\u00a0 150 gr aprox.<\/p>","protected":false},"excerpt":{"rendered":"<p>Nuestras coletas postizas Premium est\u00e1n elaboradas con cabello 100% natural indian remy, as\u00ed que la podr\u00e1s lavar, te\u00f1ir y\/o planchar.<\/p>","protected":false},"featured_media":1173,"comment_status":"open","ping_status":"closed","template":"","meta":[],"product_brand":[],"product_cat":[20],"product_tag":[25,26,34,36,24,31],"class_list":{"0":"post-746","1":"product","2":"type-product","3":"status-publish","4":"has-post-thumbnail","6":"product_cat-coletas","7":"product_tag-cabello-natural","8":"product_tag-calidad","9":"product_tag-celebrity","10":"product_tag-coletas","11":"product_tag-moda","12":"product_tag-premium","14":"first","15":"instock","16":"taxable","17":"shipping-taxable","18":"purchasable","19":"product-type-variable","20":"rtwpvg-product"},"yoast_head":"<!-- This site is optimized with the Yoast SEO plugin v27.5 - https:\/\/yoast.com\/product\/yoast-seo-wordpress\/ -->\n<title>Coleta Premium - Medusa Extensions<\/title>\n<meta name=\"description\" content=\"Elaboradas con cabello 100% natural indian remy, as\u00ed que la podr\u00e1s lavar, te\u00f1ir y\/o planchar. Son m\u00e1s largas que las coletas classic.\" \/>\n<meta name=\"robots\" content=\"index, follow, max-snippet:-1, max-image-preview:large, max-video-preview:-1\" \/>\n<link rel=\"canonical\" href=\"https:\/\/www.medusaextensions.com\/en\/product\/coleta-premium\/\" \/>\n<meta property=\"og:locale\" content=\"en_US\" \/>\n<meta property=\"og:type\" content=\"article\" \/>\n<meta property=\"og:title\" content=\"Coleta Premium - Medusa Extensions\" \/>\n<meta property=\"og:description\" content=\"Elaboradas con cabello 100% natural indian remy, as\u00ed que la podr\u00e1s lavar, te\u00f1ir y\/o planchar. Son m\u00e1s largas que las coletas classic.\" \/>\n<meta property=\"og:url\" content=\"https:\/\/www.medusaextensions.com\/en\/product\/coleta-premium\/\" \/>\n<meta property=\"og:site_name\" content=\"Medusa Extensions\" \/>\n<meta property=\"article:modified_time\" content=\"2026-05-13T10:37:45+00:00\" \/>\n<meta property=\"og:image\" content=\"https:\/\/www.medusaextensions.com\/wp-content\/uploads\/2026\/04\/PORTADA-COLETA-PREMIUM.jpg\" \/>\n\t<meta property=\"og:image:width\" content=\"974\" \/>\n\t<meta property=\"og:image:height\" content=\"1558\" \/>\n\t<meta property=\"og:image:type\" content=\"image\/jpeg\" \/>\n<meta name=\"twitter:card\" content=\"summary_large_image\" \/>\n<meta name=\"twitter:label1\" content=\"Est. reading time\" \/>\n\t<meta name=\"twitter:data1\" content=\"1 minute\" \/>\n<script type=\"application\/ld+json\" class=\"yoast-schema-graph\">{\"@context\":\"https:\\\/\\\/schema.org\",\"@graph\":[{\"@type\":\"WebPage\",\"@id\":\"https:\\\/\\\/www.medusaextensions.com\\\/producto\\\/coleta-premium\\\/\",\"url\":\"https:\\\/\\\/www.medusaextensions.com\\\/producto\\\/coleta-premium\\\/\",\"name\":\"Coleta Premium - Medusa Extensions\",\"isPartOf\":{\"@id\":\"https:\\\/\\\/www.medusaextensions.com\\\/#website\"},\"primaryImageOfPage\":{\"@id\":\"https:\\\/\\\/www.medusaextensions.com\\\/producto\\\/coleta-premium\\\/#primaryimage\"},\"image\":{\"@id\":\"https:\\\/\\\/www.medusaextensions.com\\\/producto\\\/coleta-premium\\\/#primaryimage\"},\"thumbnailUrl\":\"https:\\\/\\\/www.medusaextensions.com\\\/wp-content\\\/uploads\\\/2026\\\/04\\\/PORTADA-COLETA-PREMIUM.jpg\",\"datePublished\":\"2026-04-22T16:15:38+00:00\",\"dateModified\":\"2026-05-13T10:37:45+00:00\",\"description\":\"Elaboradas con cabello 100% natural indian remy, as\u00ed que la podr\u00e1s lavar, te\u00f1ir y\\\/o planchar. Son m\u00e1s largas que las coletas classic.\",\"breadcrumb\":{\"@id\":\"https:\\\/\\\/www.medusaextensions.com\\\/producto\\\/coleta-premium\\\/#breadcrumb\"},\"inLanguage\":\"en-US\",\"potentialAction\":[{\"@type\":\"ReadAction\",\"target\":[\"https:\\\/\\\/www.medusaextensions.com\\\/producto\\\/coleta-premium\\\/\"]}]},{\"@type\":\"ImageObject\",\"inLanguage\":\"en-US\",\"@id\":\"https:\\\/\\\/www.medusaextensions.com\\\/producto\\\/coleta-premium\\\/#primaryimage\",\"url\":\"https:\\\/\\\/www.medusaextensions.com\\\/wp-content\\\/uploads\\\/2026\\\/04\\\/PORTADA-COLETA-PREMIUM.jpg\",\"contentUrl\":\"https:\\\/\\\/www.medusaextensions.com\\\/wp-content\\\/uploads\\\/2026\\\/04\\\/PORTADA-COLETA-PREMIUM.jpg\",\"width\":974,\"height\":1558},{\"@type\":\"BreadcrumbList\",\"@id\":\"https:\\\/\\\/www.medusaextensions.com\\\/producto\\\/coleta-premium\\\/#breadcrumb\",\"itemListElement\":[{\"@type\":\"ListItem\",\"position\":1,\"name\":\"Portada\",\"item\":\"https:\\\/\\\/www.medusaextensions.com\\\/\"},{\"@type\":\"ListItem\",\"position\":2,\"name\":\"Tienda\",\"item\":\"https:\\\/\\\/www.medusaextensions.com\\\/tienda\\\/\"},{\"@type\":\"ListItem\",\"position\":3,\"name\":\"Coleta Premium\"}]},{\"@type\":\"WebSite\",\"@id\":\"https:\\\/\\\/www.medusaextensions.com\\\/#website\",\"url\":\"https:\\\/\\\/www.medusaextensions.com\\\/\",\"name\":\"Medusa Extensions\",\"description\":\"Posticer\u00eda de cabello natural\",\"publisher\":{\"@id\":\"https:\\\/\\\/www.medusaextensions.com\\\/#organization\"},\"potentialAction\":[{\"@type\":\"SearchAction\",\"target\":{\"@type\":\"EntryPoint\",\"urlTemplate\":\"https:\\\/\\\/www.medusaextensions.com\\\/?s={search_term_string}\"},\"query-input\":{\"@type\":\"PropertyValueSpecification\",\"valueRequired\":true,\"valueName\":\"search_term_string\"}}],\"inLanguage\":\"en-US\"},{\"@type\":\"Organization\",\"@id\":\"https:\\\/\\\/www.medusaextensions.com\\\/#organization\",\"name\":\"Medusa Extensions\",\"url\":\"https:\\\/\\\/www.medusaextensions.com\\\/\",\"logo\":{\"@type\":\"ImageObject\",\"inLanguage\":\"en-US\",\"@id\":\"https:\\\/\\\/www.medusaextensions.com\\\/#\\\/schema\\\/logo\\\/image\\\/\",\"url\":\"https:\\\/\\\/www.medusaextensions.com\\\/wp-content\\\/uploads\\\/2026\\\/04\\\/WEB-EN-CONSTRUCCION-1.png\",\"contentUrl\":\"https:\\\/\\\/www.medusaextensions.com\\\/wp-content\\\/uploads\\\/2026\\\/04\\\/WEB-EN-CONSTRUCCION-1.png\",\"width\":1366,\"height\":768,\"caption\":\"Medusa Extensions\"},\"image\":{\"@id\":\"https:\\\/\\\/www.medusaextensions.com\\\/#\\\/schema\\\/logo\\\/image\\\/\"}}]}<\/script>\n<!-- \/ Yoast SEO plugin. -->","yoast_head_json":{"title":"Coleta Premium - Medusa Extensions","description":"Elaboradas con cabello 100% natural indian remy, as\u00ed que la podr\u00e1s lavar, te\u00f1ir y\/o planchar. Son m\u00e1s largas que las coletas classic.","robots":{"index":"index","follow":"follow","max-snippet":"max-snippet:-1","max-image-preview":"max-image-preview:large","max-video-preview":"max-video-preview:-1"},"canonical":"https:\/\/www.medusaextensions.com\/en\/product\/coleta-premium\/","og_locale":"en_US","og_type":"article","og_title":"Coleta Premium - Medusa Extensions","og_description":"Elaboradas con cabello 100% natural indian remy, as\u00ed que la podr\u00e1s lavar, te\u00f1ir y\/o planchar. Son m\u00e1s largas que las coletas classic.","og_url":"https:\/\/www.medusaextensions.com\/en\/product\/coleta-premium\/","og_site_name":"Medusa Extensions","article_modified_time":"2026-05-13T10:37:45+00:00","og_image":[{"width":974,"height":1558,"url":"https:\/\/www.medusaextensions.com\/wp-content\/uploads\/2026\/04\/PORTADA-COLETA-PREMIUM.jpg","type":"image\/jpeg"}],"twitter_card":"summary_large_image","twitter_misc":{"Est. reading time":"1 minute"},"schema":{"@context":"https:\/\/schema.org","@graph":[{"@type":"WebPage","@id":"https:\/\/www.medusaextensions.com\/producto\/coleta-premium\/","url":"https:\/\/www.medusaextensions.com\/producto\/coleta-premium\/","name":"Coleta Premium - Medusa Extensions","isPartOf":{"@id":"https:\/\/www.medusaextensions.com\/#website"},"primaryImageOfPage":{"@id":"https:\/\/www.medusaextensions.com\/producto\/coleta-premium\/#primaryimage"},"image":{"@id":"https:\/\/www.medusaextensions.com\/producto\/coleta-premium\/#primaryimage"},"thumbnailUrl":"https:\/\/www.medusaextensions.com\/wp-content\/uploads\/2026\/04\/PORTADA-COLETA-PREMIUM.jpg","datePublished":"2026-04-22T16:15:38+00:00","dateModified":"2026-05-13T10:37:45+00:00","description":"Elaboradas con cabello 100% natural indian remy, as\u00ed que la podr\u00e1s lavar, te\u00f1ir y\/o planchar. Son m\u00e1s largas que las coletas classic.","breadcrumb":{"@id":"https:\/\/www.medusaextensions.com\/producto\/coleta-premium\/#breadcrumb"},"inLanguage":"en-US","potentialAction":[{"@type":"ReadAction","target":["https:\/\/www.medusaextensions.com\/producto\/coleta-premium\/"]}]},{"@type":"ImageObject","inLanguage":"en-US","@id":"https:\/\/www.medusaextensions.com\/producto\/coleta-premium\/#primaryimage","url":"https:\/\/www.medusaextensions.com\/wp-content\/uploads\/2026\/04\/PORTADA-COLETA-PREMIUM.jpg","contentUrl":"https:\/\/www.medusaextensions.com\/wp-content\/uploads\/2026\/04\/PORTADA-COLETA-PREMIUM.jpg","width":974,"height":1558},{"@type":"BreadcrumbList","@id":"https:\/\/www.medusaextensions.com\/producto\/coleta-premium\/#breadcrumb","itemListElement":[{"@type":"ListItem","position":1,"name":"Portada","item":"https:\/\/www.medusaextensions.com\/"},{"@type":"ListItem","position":2,"name":"Tienda","item":"https:\/\/www.medusaextensions.com\/tienda\/"},{"@type":"ListItem","position":3,"name":"Coleta Premium"}]},{"@type":"WebSite","@id":"https:\/\/www.medusaextensions.com\/#website","url":"https:\/\/www.medusaextensions.com\/","name":"Medusa Extensions","description":"Posticer\u00eda de cabello natural","publisher":{"@id":"https:\/\/www.medusaextensions.com\/#organization"},"potentialAction":[{"@type":"SearchAction","target":{"@type":"EntryPoint","urlTemplate":"https:\/\/www.medusaextensions.com\/?s={search_term_string}"},"query-input":{"@type":"PropertyValueSpecification","valueRequired":true,"valueName":"search_term_string"}}],"inLanguage":"en-US"},{"@type":"Organization","@id":"https:\/\/www.medusaextensions.com\/#organization","name":"Medusa Extensions","url":"https:\/\/www.medusaextensions.com\/","logo":{"@type":"ImageObject","inLanguage":"en-US","@id":"https:\/\/www.medusaextensions.com\/#\/schema\/logo\/image\/","url":"https:\/\/www.medusaextensions.com\/wp-content\/uploads\/2026\/04\/WEB-EN-CONSTRUCCION-1.png","contentUrl":"https:\/\/www.medusaextensions.com\/wp-content\/uploads\/2026\/04\/WEB-EN-CONSTRUCCION-1.png","width":1366,"height":768,"caption":"Medusa Extensions"},"image":{"@id":"https:\/\/www.medusaextensions.com\/#\/schema\/logo\/image\/"}}]}},"_links":{"self":[{"href":"https:\/\/www.medusaextensions.com\/en\/wp-json\/wp\/v2\/product\/746","targetHints":{"allow":["GET"]}}],"collection":[{"href":"https:\/\/www.medusaextensions.com\/en\/wp-json\/wp\/v2\/product"}],"about":[{"href":"https:\/\/www.medusaextensions.com\/en\/wp-json\/wp\/v2\/types\/product"}],"replies":[{"embeddable":true,"href":"https:\/\/www.medusaextensions.com\/en\/wp-json\/wp\/v2\/comments?post=746"}],"wp:featuredmedia":[{"embeddable":true,"href":"https:\/\/www.medusaextensions.com\/en\/wp-json\/wp\/v2\/media\/1173"}],"wp:attachment":[{"href":"https:\/\/www.medusaextensions.com\/en\/wp-json\/wp\/v2\/media?parent=746"}],"wp:term":[{"taxonomy":"product_brand","embeddable":true,"href":"https:\/\/www.medusaextensions.com\/en\/wp-json\/wp\/v2\/product_brand?post=746"},{"taxonomy":"product_cat","embeddable":true,"href":"https:\/\/www.medusaextensions.com\/en\/wp-json\/wp\/v2\/product_cat?post=746"},{"taxonomy":"product_tag","embeddable":true,"href":"https:\/\/www.medusaextensions.com\/en\/wp-json\/wp\/v2\/product_tag?post=746"}],"curies":[{"name":"wp","href":"https:\/\/api.w.org\/{rel}","templated":true}]}}